{"id":6,"date":"2026-04-09T21:01:03","date_gmt":"2026-04-09T19:01:03","guid":{"rendered":"https:\/\/www.pflanzen-recht.de\/?page_id=6"},"modified":"2026-04-17T22:26:17","modified_gmt":"2026-04-17T20:26:17","slug":"waldwanderung-rostocker-heide","status":"publish","type":"page","link":"https:\/\/www.pflanzen-recht.de\/","title":{"rendered":"Waldwanderungen in der Rostocker Heide"},"content":{"rendered":"\n<p><a href=\"https:\/\/www.wohllebens-waldakademie.de\/collections\/urwaldprojekt?srsltid=AfmBOoqhlCj5r7b-jT1pXlgk9pd8ItQOSYhYPFZq8x2ELFmzIJlj9RWR\" target=\"_blank\" rel=\"noreferrer noopener\">&#8211; F\u00fcr jede Waldwanderung sichere ich 1 qm Wald beim Urwald-Projekt von Wohllebens Waldakademie &#8211;<\/a><\/p>\n\n\n\n<div class=\"wp-block-group alignfull has-global-padding is-layout-constrained wp-block-group-is-layout-constrained\" style=\"margin-top:0;margin-bottom:0\">\n<div class=\"wp-block-columns alignfull is-layout-flex wp-container-core-columns-is-layout-9c22b1e3 wp-block-columns-is-layout-flex\">\n<div class=\"wp-block-column is-layout-flow wp-block-column-is-layout-flow\" style=\"flex-basis:55%\">\n<div style=\"aspect-ratio:1;min-height:unset;\" class=\"wp-block-cover has-aspect-ratio\"><img loading=\"lazy\" decoding=\"async\" width=\"1024\" height=\"621\" class=\"wp-block-cover__image-background wp-image-18 size-large\" alt=\"\" src=\"https:\/\/www.pflanzen-recht.de\/wp-content\/uploads\/2026\/04\/E1CAF746-0DED-49DA-9FA4-275873CF6074-1024x621.jpg\" data-object-fit=\"cover\" srcset=\"https:\/\/www.pflanzen-recht.de\/wp-content\/uploads\/2026\/04\/E1CAF746-0DED-49DA-9FA4-275873CF6074-1024x621.jpg 1024w, https:\/\/www.pflanzen-recht.de\/wp-content\/uploads\/2026\/04\/E1CAF746-0DED-49DA-9FA4-275873CF6074-300x182.jpg 300w, https:\/\/www.pflanzen-recht.de\/wp-content\/uploads\/2026\/04\/E1CAF746-0DED-49DA-9FA4-275873CF6074-768x466.jpg 768w, https:\/\/www.pflanzen-recht.de\/wp-content\/uploads\/2026\/04\/E1CAF746-0DED-49DA-9FA4-275873CF6074-1536x932.jpg 1536w, https:\/\/www.pflanzen-recht.de\/wp-content\/uploads\/2026\/04\/E1CAF746-0DED-49DA-9FA4-275873CF6074-2048x1243.jpg 2048w\" sizes=\"auto, (max-width: 1024px) 100vw, 1024px\" \/><span aria-hidden=\"true\" class=\"wp-block-cover__background has-background-dim-0 has-background-dim\" style=\"background-color:#5d7658\"><\/span><div class=\"wp-block-cover__inner-container is-layout-flow wp-block-cover-is-layout-flow\">\n<div style=\"height:var(--wp--preset--spacing--20)\" aria-hidden=\"true\" class=\"wp-block-spacer\"><\/div>\n<\/div><\/div>\n<\/div>\n\n\n\n<div class=\"wp-block-column is-vertically-aligned-top is-layout-flow wp-block-column-is-layout-flow\" style=\"padding-top:var(--wp--preset--spacing--60);padding-right:var(--wp--preset--spacing--60);padding-bottom:var(--wp--preset--spacing--60);padding-left:var(--wp--preset--spacing--60)\">\n<h2 class=\"wp-block-heading has-xx-large-font-size\">Spielerisch den Wald entdecken<\/h2>\n\n\n\n<p class=\"has-medium-font-size\">Wir wollen auf Entdeckungstour gehen! Dem Wald und seinen Bewohnern spielerisch auf die Schliche kommen, zuh\u00f6ren und erz\u00e4hlen lassen, wenn das Baumtelefon klingelt. Bist du schon einmal mit verbundenen Augen durch den Wald getippelt oder warst du schon einmal eine Fledermaus oder ein Buntspecht? Kennst du die mutigen und \u00e4ngstlichen unter den B\u00e4umen? Wer hat wo im Wald seinen Platz? Und wer betreibt das World Wide Web im Wald? Es gibt unz\u00e4hlige spannende Dinge zu ergr\u00fcnden, zu ertasten, zu beschauen und am meisten Spa\u00df macht das zusammen\u2026<\/p>\n<\/div>\n<\/div>\n<\/div>\n\n\n\n<div class=\"wp-block-group alignfull has-global-padding is-layout-constrained wp-block-group-is-layout-constrained\" style=\"margin-top:0;margin-bottom:0;padding-top:var(--wp--preset--spacing--50);padding-bottom:var(--wp--preset--spacing--50)\">\n<div class=\"wp-block-columns alignwide is-layout-flex wp-container-core-columns-is-layout-fa584acd wp-block-columns-is-layout-flex\">\n<div class=\"wp-block-column is-vertically-aligned-center is-layout-flow wp-block-column-is-layout-flow\">\n<h2 class=\"wp-block-heading has-xx-large-font-size\">Termine<\/h2>\n\n\n\n<p class=\"has-medium-font-size\">Sonntag, 17. Mai 2026<br><br>10.30 bis 12.30 Uhr: Spielerisch den Wald entdecken<br><br>Pfingstmontag, 25. Mai 2026<br><br>10.30 bis 12.30 Uhr: Spielerisch den Wald entdecken<br><br>Sonntag, 21. Juni 2026<br><br>10.30 bis 12.30 Uhr: Spielerisch den Wald entdecken<\/p>\n<\/div>\n\n\n\n<div class=\"wp-block-column is-vertically-aligned-center is-layout-flow wp-block-column-is-layout-flow\">\n<figure class=\"wp-block-image size-full\"><img loading=\"lazy\" decoding=\"async\" width=\"2560\" height=\"1920\" src=\"https:\/\/www.pflanzen-recht.de\/wp-content\/uploads\/2026\/04\/E8FAB919-1558-4941-A2D6-C1A5D73BD9AB-scaled.jpg\" alt=\"\" class=\"wp-image-19\" style=\"aspect-ratio:1;object-fit:cover\" srcset=\"https:\/\/www.pflanzen-recht.de\/wp-content\/uploads\/2026\/04\/E8FAB919-1558-4941-A2D6-C1A5D73BD9AB-scaled.jpg 2560w, https:\/\/www.pflanzen-recht.de\/wp-content\/uploads\/2026\/04\/E8FAB919-1558-4941-A2D6-C1A5D73BD9AB-300x225.jpg 300w, https:\/\/www.pflanzen-recht.de\/wp-content\/uploads\/2026\/04\/E8FAB919-1558-4941-A2D6-C1A5D73BD9AB-1024x768.jpg 1024w, https:\/\/www.pflanzen-recht.de\/wp-content\/uploads\/2026\/04\/E8FAB919-1558-4941-A2D6-C1A5D73BD9AB-768x576.jpg 768w, https:\/\/www.pflanzen-recht.de\/wp-content\/uploads\/2026\/04\/E8FAB919-1558-4941-A2D6-C1A5D73BD9AB-1536x1152.jpg 1536w, https:\/\/www.pflanzen-recht.de\/wp-content\/uploads\/2026\/04\/E8FAB919-1558-4941-A2D6-C1A5D73BD9AB-2048x1536.jpg 2048w\" sizes=\"auto, (max-width: 2560px) 100vw, 2560px\" \/><\/figure>\n<\/div>\n<\/div>\n<\/div>\n\n\n\n<div class=\"wp-block-group alignfull is-style-default has-global-padding is-layout-constrained wp-block-group-is-layout-constrained\" style=\"margin-top:0;margin-bottom:0;padding-top:var(--wp--preset--spacing--60);padding-bottom:var(--wp--preset--spacing--60)\">\n<div class=\"wp-block-columns alignwide is-layout-flex wp-container-core-columns-is-layout-6ef9061c wp-block-columns-is-layout-flex\">\n<div class=\"wp-block-column is-style-default is-layout-flow wp-block-column-is-layout-flow\" style=\"flex-basis:40%\">\n<div class=\"wp-block-columns is-layout-flex wp-container-core-columns-is-layout-28f84493 wp-block-columns-is-layout-flex\">\n<div class=\"wp-block-column is-layout-flow wp-container-core-column-is-layout-5dafc681 wp-block-column-is-layout-flow\">\n<div class=\"wp-block-group has-global-padding is-content-justification-left is-layout-constrained wp-container-core-group-is-layout-3540e7cd wp-block-group-is-layout-constrained\">\n<h3 class=\"wp-block-heading has-large-font-size\" style=\"font-style:normal;font-weight:500\">Treffpunkt<\/h3>\n\n\n\n<p class=\"has-medium-font-size\">Bei der Schranke zur Schnatermannschneise (<a href=\"https:\/\/www.schnatermann-rostock.de\/\" target=\"_blank\" rel=\"noreferrer noopener\">Gasthof Schnatermann<\/a>)<\/p>\n<\/div>\n\n\n\n<div class=\"wp-block-group has-global-padding is-content-justification-left is-layout-constrained wp-container-core-group-is-layout-0b710646 wp-block-group-is-layout-constrained\">\n<h3 class=\"wp-block-heading has-large-font-size\" style=\"font-style:normal;font-weight:500\">Bitte mitbringen<\/h3>\n\n\n\n<p class=\"has-medium-font-size\">Wetterfeste Kleidung, Schuhwerk, M\u00fcckenschutz, Trinken<\/p>\n<\/div>\n\n\n\n<div class=\"wp-block-group has-global-padding is-content-justification-left is-layout-constrained wp-container-core-group-is-layout-0b710646 wp-block-group-is-layout-constrained\">\n<h3 class=\"wp-block-heading has-large-font-size\" style=\"font-style:normal;font-weight:500\">Altersempfehlung<\/h3>\n\n\n\n<p class=\"has-medium-font-size\">F\u00fcr Gro\u00df und Klein. Kinder bitte nur in Begleitung.<\/p>\n<\/div>\n\n\n\n<div class=\"wp-block-group has-global-padding is-content-justification-left is-layout-constrained wp-container-core-group-is-layout-0b710646 wp-block-group-is-layout-constrained\">\n<h3 class=\"wp-block-heading has-large-font-size\" style=\"font-style:normal;font-weight:500\">Dauer<\/h3>\n\n\n\n<p class=\"has-medium-font-size\">2 Stunden<br><\/p>\n\n\n\n<p class=\"has-large-font-size\"><strong>Kosten<\/strong><\/p>\n\n\n\n<p class=\"has-medium-font-size\">15 EUR \/ 10 EUR erm\u00e4\u00dfigt<\/p>\n<\/div>\n<\/div>\n<\/div>\n<\/div>\n\n\n\n<div class=\"wp-block-column is-layout-flow wp-container-core-column-is-layout-5dafc681 wp-block-column-is-layout-flow\">\n<div class=\"wp-block-group has-global-padding is-content-justification-left is-layout-constrained wp-container-core-group-is-layout-3540e7cd wp-block-group-is-layout-constrained\">\n<h3 class=\"wp-block-heading has-large-font-size\" style=\"font-style:normal;font-weight:500\">Wegstrecke<\/h3>\n\n\n\n<p class=\"has-medium-font-size\">3 &#8211; 5 km (barrierearme Waldwege)<\/p>\n<\/div>\n\n\n\n<div class=\"wp-block-group has-global-padding is-content-justification-left is-layout-constrained wp-container-core-group-is-layout-0b710646 wp-block-group-is-layout-constrained\">\n<h3 class=\"wp-block-heading has-large-font-size\" style=\"font-style:normal;font-weight:500\">Teilnehmerzahl<\/h3>\n\n\n\n<p class=\"has-medium-font-size\">max. 16<\/p>\n<\/div>\n\n\n\n<div class=\"wp-block-group has-global-padding is-content-justification-left is-layout-constrained wp-container-core-group-is-layout-0b710646 wp-block-group-is-layout-constrained\">\n<h3 class=\"wp-block-heading has-large-font-size\" style=\"font-style:normal;font-weight:500\">Bitte beachtet<\/h3>\n\n\n\n<p class=\"has-medium-font-size\">Das Betreten des Waldes erfolgt auf eigene Gefahr. Uns k\u00f6nnen einige waldtypische Gefahren begegnen.<\/p>\n<\/div>\n\n\n\n<h3 class=\"wp-block-heading has-large-font-size\" style=\"font-style:normal;font-weight:500\">Wer nimmt dich mit<\/h3>\n\n\n\n<p>Wald- und Wildpflanzenf\u00fchrer Kay Aaron Klokow<\/p>\n<\/div>\n<\/div>\n<\/div>\n\n\n\n<div class=\"wp-block-group alignfull has-global-padding is-content-justification-left is-layout-constrained wp-container-core-group-is-layout-2871531c wp-block-group-is-layout-constrained\" style=\"margin-top:0;margin-bottom:0\">\n<div class=\"wp-block-group alignwide is-layout-flow wp-container-core-group-is-layout-d58a0413 wp-block-group-is-layout-flow\" style=\"padding-top:var(--wp--preset--spacing--50);padding-bottom:var(--wp--preset--spacing--50)\">\n<h2 class=\"wp-block-heading has-x-large-font-size\">\u00dcber die Rostocker Heide<\/h2>\n\n\n\n<h3 class=\"wp-block-heading\">Mit 6000 ha ist die Rostocker Heide der gr\u00f6\u00dfte geschlossene <a href=\"https:\/\/de.wikipedia.org\/wiki\/Rostocker_Heide\" target=\"_blank\" rel=\"noreferrer noopener\">K\u00fcstenwald<\/a> in Deutschland.<br><br>Die Waldwanderungen finden im Revier Schnatermann statt, in dem nicht nur der seltene <a href=\"https:\/\/www.nabu.de\/tiere-und-pflanzen\/voegel\/portraets\/zwergschnaepper\/\" target=\"_blank\" rel=\"noreferrer noopener\">Zwergschn\u00e4pper <\/a>br\u00fctet, sondern z.B. auch der <a href=\"https:\/\/www.nabu.de\/tiere-und-pflanzen\/voegel\/portraets\/gartenrotschwanz\/\" target=\"_blank\" rel=\"noreferrer noopener\">Gartenrotschwanz<\/a>, der <a href=\"https:\/\/www.nabu.de\/tiere-und-pflanzen\/voegel\/portraets\/neuntoeter\/\" target=\"_blank\" rel=\"noreferrer noopener\">Neunt\u00f6ter<\/a> oder der <a href=\"https:\/\/www.nabu.de\/tiere-und-pflanzen\/voegel\/portraets\/schwarzspecht\/\" target=\"_blank\" rel=\"noreferrer noopener\">Schwarzspecht<\/a> zu finden sind. Auch den <a href=\"https:\/\/www.nabu.de\/tiere-und-pflanzen\/voegel\/portraets\/kleinspecht\/\" target=\"_blank\" rel=\"noreferrer noopener\">Kleinspecht<\/a> und den <a href=\"https:\/\/www.nabu.de\/tiere-und-pflanzen\/voegel\/portraets\/mittelspecht\/\" target=\"_blank\" rel=\"noreferrer noopener\">Mittelspecht<\/a> konnte ich hier schon bestaunen. Der Schwarzspecht baut \u00fcbrigens mehrere H\u00f6hlen <a href=\"https:\/\/www.deutschewildtierstiftung.de\/media\/pages\/wildtiere\/schwarzspecht\/fbb70999d2-1707640595\/was-wir-tun_modul-1_dewist-2008-empfehlungen-forstwirtschaft.pdf\" target=\"_blank\" rel=\"noreferrer noopener\">\u00fcber mehrere Jahre<\/a> und l\u00e4sst sich dabei auch gerne <a href=\"https:\/\/www.ardmediathek.de\/video\/natuerlich\/spechte-die-zimmerleute-des-waldes\/swr\/Y3JpZDovL3N3ci5kZS9hZXgvbzE1ODU2MDA\" target=\"_blank\" rel=\"noreferrer noopener\">durch Pilze helfen<\/a>.<br><br>Neben der vielf\u00e4ltigen Vogelwelt zeigen sich hier auch <a href=\"https:\/\/www.nabu.de\/tiere-und-pflanzen\/amphibien-und-reptilien\/reptilien\/04985.html\" target=\"_blank\" rel=\"noreferrer noopener\">Ringelnatter<\/a> und <a href=\"https:\/\/de.wikipedia.org\/wiki\/Kreuzotter\" target=\"_blank\" rel=\"noreferrer noopener\">Kreuzotter<\/a>. Beide waren auf den Wanderungen schon live dabei!<br><br>Die Wanderungen f\u00fchren \u00fcber einen Weg, der <a href=\"https:\/\/www.geo.de\/natur\/naturvielfalt-in-der-rostocker-heide_35950926-36021240.html\" target=\"_blank\" rel=\"noreferrer noopener\">Landschaftsschutzgebiet<\/a> und <a href=\"https:\/\/rathaus.rostock.de\/de\/service\/aemter\/stadtforstamt\/rostocker_heide\/269865\" target=\"_blank\" rel=\"noreferrer noopener\">Naturschutzgebiet <\/a>voneinander trennt.<br><br>Wie wir seit Peter Wohlleben wissen, kann das <a href=\"https:\/\/www.wohllebens-waldakademie.de\/products\/das-geheime-leben-der-baume-die-entdeckung-einer-verborgenen-welt?srsltid=AfmBOopSCebviSBpAMPKs2AduB-x7arYnrI6IPiBEzM9WphJ7zxm-h44\" target=\"_blank\" rel=\"noreferrer noopener\">Leben der B\u00e4ume sehr geheim <\/a>stattfinden. Nicht nur tauschen sie N\u00e4hrstoffe und Informationen \u00fcber ihr <a href=\"https:\/\/www.geo.de\/natur\/schlaue-pilze--sie--sprechen--mit-bis-zu-50-woertern-31764836.html#:~:text=Um%20Informationen%20auszutauschen%2C%20nutzen%20Pilze%20elektrische%20Impulse%2C,sich%20solche%20unterirdischen%20Netzwerke%20zwischen%20ihren%20Wurzeln\" target=\"_blank\" rel=\"noreferrer noopener\">Pilz-Netzwerk<\/a> aus, auch k\u00f6nnen sie sich <a href=\"https:\/\/one-namibia.com\/akazien-enthuellt\/\" target=\"_blank\" rel=\"noreferrer noopener\">vor Fressfeinden warnen<\/a>.<br><br>Zum Gl\u00fcck darf hier auch noch <a href=\"https:\/\/www.geo.de\/natur\/artenvielfalt--mehr-totholz--mehr-leben_35881056-35881150.html\" target=\"_blank\" rel=\"noreferrer noopener\">Totholz<\/a> liegen bleiben.<br><\/h3>\n\n\n\n<p class=\"has-x-large-font-size\"><strong>Zum Urwald-Projekt<\/strong> von Wohllebens Waldakademie<\/p>\n\n\n\n<p>Das Urwald-Projekt von <a href=\"https:\/\/www.wohllebens-waldakademie.de\/collections\/urwaldprojekt?srsltid=AfmBOoqhlCj5r7b-jT1pXlgk9pd8ItQOSYhYPFZq8x2ELFmzIJlj9RWR\" target=\"_blank\" rel=\"noreferrer noopener\">Wohllebens-Waldakademie<\/a> hat sich zum Ziel gesetzt, alte Buchenw\u00e4lder in Deutschland zu erhalten. Das Projekt sammelt Patenschaften, um den Eigent\u00fcmern des Waldes unabh\u00e4ngig vom Holzeinschlag &#8211; der soll ja gerade nicht stattfinden &#8211; eine Einkommensquelle zu schaffen. Im Gegenzug bleibt der Wald unber\u00fchrt.<\/p>\n\n\n\n<p>In den Karpaten findet sich ebenfalls ein hervorragendes Waldschutzprojekt. Dort sch\u00fctzt die <a href=\"https:\/\/www.carpathia.org\/\" target=\"_blank\" rel=\"noreferrer noopener\">Foundation Conservation Carpathia<\/a> gro\u00dfe Waldfl\u00e4chen in den F\u0103g\u0103ra\u0219 Mountains vor dem Einschlag. Bereits unglaubliche <a href=\"https:\/\/www.carpathia.org\/conservation\/\" target=\"_blank\" rel=\"noreferrer noopener\">28.000,00 Hektar<\/a> konnten durch sie gesichert werden.<\/p>\n<\/div>\n\n\n\n<div class=\"wp-block-group alignwide is-layout-flow wp-container-core-group-is-layout-d58a0413 wp-block-group-is-layout-flow\" style=\"padding-top:var(--wp--preset--spacing--50);padding-bottom:var(--wp--preset--spacing--50)\">\n<h2 class=\"wp-block-heading has-x-large-font-size\">\u00dcber mich<\/h2>\n\n\n\n<h3 class=\"wp-block-heading\">Ich bin naturverliebt und abenteuerlustig. Wald- und Wildpflanzenf\u00fchrer.<\/h3>\n\n\n\n<p>Sonstiges: <a href=\"https:\/\/www.ornitho.de\/\">Ornithologie<\/a>, Kulturobstb\u00e4ume, <a href=\"https:\/\/www.kulturland.de\/\">Landwirtschaft<\/a>, <a href=\"https:\/\/www.deutschelyrik.de\/wie-eine-welle-1901.html\">Hesse<\/a>, <a href=\"https:\/\/www.environmentandsociety.org\/mml\/should-trees-have-standing-law-morality-and-environment\">Should Tress Have Standing?<\/a> Umweltrecht.<\/p>\n\n\n\n<h2 class=\"wp-block-heading has-x-large-font-size\">Kontakt<\/h2>\n\n\n\n<div class=\"wp-block-columns is-layout-flex wp-container-core-columns-is-layout-cbe57604 wp-block-columns-is-layout-flex\">\n<div class=\"wp-block-column is-layout-flow wp-block-column-is-layout-flow\">\n<div class=\"wp-block-group is-layout-flow wp-block-group-is-layout-flow\" style=\"border-top-color:var(--wp--preset--color--accent-6);border-top-width:1px;padding-top:var(--wp--preset--spacing--30);padding-bottom:var(--wp--preset--spacing--30)\">\n<p>Budapester. Str.<\/p>\n\n\n\n<p>18057 Rostock<\/p>\n\n\n\n<p>E-Mail: Aaronwald2023@gmail.com<\/p>\n<\/div>\n<\/div>\n<\/div>\n\n\n\n<h2 class=\"wp-block-heading has-x-large-font-size\">Impressum<\/h2>\n\n\n\n<div class=\"wp-block-columns is-layout-flex wp-container-core-columns-is-layout-cbe57604 wp-block-columns-is-layout-flex\">\n<div class=\"wp-block-column is-layout-flow wp-block-column-is-layout-flow\">\n<div class=\"wp-block-group is-layout-flow wp-block-group-is-layout-flow\" style=\"border-top-color:var(--wp--preset--color--accent-6);border-top-width:1px;padding-top:var(--wp--preset--spacing--30);padding-bottom:var(--wp--preset--spacing--30)\">\n<p>Verantwortlich:<\/p>\n\n\n\n<p>Kay Klokow<\/p>\n\n\n\n<p>Budapester. Str.<\/p>\n\n\n\n<p>18057 Rostock<\/p>\n\n\n\n<p>E-Mail: Aaronwald2023@gmail.com<\/p>\n<\/div>\n<\/div>\n<\/div>\n<\/div>\n<\/div>\n","protected":false},"excerpt":{"rendered":"<p>Termine<\/p>\n<p>Sonntag, 17. Mai 2026<\/p>\n<p>10.30 bis 12.30 Uhr: Spielerisch den Wald entdecken<\/p>\n<p>Pfingstmontag, 25. Mai 2026<\/p>\n<p>10.30 bis 12.30 Uhr: Spielerisch den Wald entdecken<\/p>\n<p>Sonntag, 21. Juni 2026<\/p>\n<p>10.30 bis 12.30 Uhr: Spielerisch den Wald entdecken<\/p>\n","protected":false},"author":1,"featured_media":0,"parent":0,"menu_order":0,"comment_status":"closed","ping_status":"closed","template":"","meta":{"footnotes":""},"class_list":["post-6","page","type-page","status-publish","hentry"],"_links":{"self":[{"href":"https:\/\/www.pflanzen-recht.de\/index.php?rest_route=\/wp\/v2\/pages\/6","targetHints":{"allow":["GET"]}}],"collection":[{"href":"https:\/\/www.pflanzen-recht.de\/index.php?rest_route=\/wp\/v2\/pages"}],"about":[{"href":"https:\/\/www.pflanzen-recht.de\/index.php?rest_route=\/wp\/v2\/types\/page"}],"author":[{"embeddable":true,"href":"https:\/\/www.pflanzen-recht.de\/index.php?rest_route=\/wp\/v2\/users\/1"}],"replies":[{"embeddable":true,"href":"https:\/\/www.pflanzen-recht.de\/index.php?rest_route=%2Fwp%2Fv2%2Fcomments&post=6"}],"version-history":[{"count":16,"href":"https:\/\/www.pflanzen-recht.de\/index.php?rest_route=\/wp\/v2\/pages\/6\/revisions"}],"predecessor-version":[{"id":34,"href":"https:\/\/www.pflanzen-recht.de\/index.php?rest_route=\/wp\/v2\/pages\/6\/revisions\/34"}],"wp:attachment":[{"href":"https:\/\/www.pflanzen-recht.de\/index.php?rest_route=%2Fwp%2Fv2%2Fmedia&parent=6"}],"curies":[{"name":"wp","href":"https:\/\/api.w.org\/{rel}","templated":true}]}}